{"id":626,"date":"2023-01-14T00:04:18","date_gmt":"2023-01-14T00:04:18","guid":{"rendered":"https:\/\/einfrieren-auftauen.de\/?page_id=626"},"modified":"2023-01-14T00:04:18","modified_gmt":"2023-01-14T00:04:18","slug":"affiliate","status":"publish","type":"page","link":"https:\/\/einfrieren-auftauen.de\/affiliate\/","title":{"rendered":"Affiliate"},"content":{"rendered":"<p>Auf unserer Website einfrieren-auftauen.de finden Sie auf zahlreichen Seiten Werbung in Form von Affiliate-Links und Werbeanzeigen. Diese sind mit einem * gekennzeichnet. N\u00e4here Informationen dazu finden Sie auf nachfolgenden Websites:<\/p>\n<ul>\n<li><a href=\"https:\/\/de.wikipedia.org\/wiki\/Affiliate-Marketing\" target=\"_blank\" rel=\"noreferrer noopener\">Affiliate Marketing auf Wikipedia<\/a><\/li>\n<li><a href=\"https:\/\/www.gesetze-im-internet.de\/tmg\/__6.html\" target=\"_blank\" rel=\"noreferrer noopener\">Kennzeichnungspflicht laut\u00a0\u00a7 6 Abs. 1 Nr. 1 des Telemediengesetzes<\/a><\/li>\n<\/ul>\n<div id=\"ez-toc-container\" class=\"ez-toc-v2_0_81 counter-flat ez-toc-counter ez-toc-custom ez-toc-container-direction\">\n<div class=\"ez-toc-title-container\">\n<p class=\"ez-toc-title\" style=\"cursor:inherit\">Inhaltsverzeichnis<\/p>\n<span class=\"ez-toc-title-toggle\"><\/span><\/div>\n<nav><ul class='ez-toc-list ez-toc-list-level-1 ' ><li class='ez-toc-page-1'><a class=\"ez-toc-link ez-toc-heading-1\" href=\"https:\/\/einfrieren-auftauen.de\/affiliate\/#Wir_nutzen_folgende_Affiliate-Dienste\" >Wir nutzen folgende Affiliate-Dienste:<\/a><\/li><li class='ez-toc-page-1'><a class=\"ez-toc-link ez-toc-heading-2\" href=\"https:\/\/einfrieren-auftauen.de\/affiliate\/#Amazon_Partnerprogramm\" >Amazon Partnerprogramm<\/a><\/li><\/ul><\/nav><\/div>\n<h3><span class=\"ez-toc-section\" id=\"Wir_nutzen_folgende_Affiliate-Dienste\"><\/span>Wir nutzen folgende Affiliate-Dienste:<span class=\"ez-toc-section-end\"><\/span><\/h3>\n<h3><span class=\"ez-toc-section\" id=\"Amazon_Partnerprogramm\"><\/span>Amazon Partnerprogramm<span class=\"ez-toc-section-end\"><\/span><\/h3>\n<p>Dienstanbieter: Amazon Europe Core S.\u00e0.r.l., der Amazon EU S.\u00e1.r.l., und der Amazon Media EU S.\u00e1.r.l., 38, avenue John. F. Kennedy, L-1855, Luxemburg und Amazon Instant Video Germany GmbH, Domagkstr. 28, 80807 M\u00fcnchen<br \/>\nInternetseite:\u00a0<a class=\"externalLink\" href=\"https:\/\/partnernet.amazon.de\/\">https:\/\/partnernet.amazon.de\/<\/a><br \/>\nDatenschutzerkl\u00e4rung:\u00a0<a class=\"externalLink\" href=\"https:\/\/www.amazon.de\/gp\/help\/customer\/display.html?nodeId=201909010\">https:\/\/www.amazon.de\/gp\/help\/customer\/display.html?nodeId=201909010<\/a><\/p>\n<p>Beim Kauf \u00fcber eines dieser Affiliate-Links erhalten wir ohne zus\u00e4tzliche Kosten f\u00fcr Sie eine kleine Provision.<\/p>\n","protected":false},"excerpt":{"rendered":"<p>Auf unserer Website einfrieren-auftauen.de finden Sie auf zahlreichen Seiten Werbung in Form von Affiliate-Links und Werbeanzeigen.<\/p>\n","protected":false},"author":1,"featured_media":0,"parent":0,"menu_order":0,"comment_status":"closed","ping_status":"closed","template":"","meta":{"_acf_changed":false,"footnotes":""},"class_list":["post-626","page","type-page","status-publish","hentry"],"acf":[],"yoast_head":"<!-- This site is optimized with the Yoast SEO plugin v27.1.1 - https:\/\/yoast.com\/product\/yoast-seo-wordpress\/ -->\n<title>Affiliate - einfrieren-auftauen.de<\/title>\n<meta name=\"robots\" content=\"index, follow, max-snippet:-1, max-image-preview:large, max-video-preview:-1\" \/>\n<link rel=\"canonical\" href=\"https:\/\/einfrieren-auftauen.de\/affiliate\/\" \/>\n<meta property=\"og:locale\" content=\"de_DE\" \/>\n<meta property=\"og:type\" content=\"article\" \/>\n<meta property=\"og:title\" content=\"Affiliate - einfrieren-auftauen.de\" \/>\n<meta property=\"og:description\" content=\"Auf unserer Website einfrieren-auftauen.de finden Sie auf zahlreichen Seiten Werbung in Form von Affiliate-Links und Werbeanzeigen.\" \/>\n<meta property=\"og:url\" content=\"https:\/\/einfrieren-auftauen.de\/affiliate\/\" \/>\n<meta property=\"og:site_name\" content=\"einfrieren-auftauen.de\" \/>\n<meta name=\"twitter:card\" content=\"summary_large_image\" \/>\n<meta name=\"twitter:label1\" content=\"Est. reading time\" \/>\n\t<meta name=\"twitter:data1\" content=\"1 minute\" \/>\n<script type=\"application\/ld+json\" class=\"yoast-schema-graph\">{\"@context\":\"https:\/\/schema.org\",\"@graph\":[{\"@type\":\"WebPage\",\"@id\":\"https:\/\/einfrieren-auftauen.de\/affiliate\/\",\"url\":\"https:\/\/einfrieren-auftauen.de\/affiliate\/\",\"name\":\"Affiliate - einfrieren-auftauen.de\",\"isPartOf\":{\"@id\":\"https:\/\/einfrieren-auftauen.de\/#website\"},\"datePublished\":\"2023-01-14T00:04:18+00:00\",\"breadcrumb\":{\"@id\":\"https:\/\/einfrieren-auftauen.de\/affiliate\/#breadcrumb\"},\"inLanguage\":\"en-US\",\"potentialAction\":[{\"@type\":\"ReadAction\",\"target\":[\"https:\/\/einfrieren-auftauen.de\/affiliate\/\"]}]},{\"@type\":\"BreadcrumbList\",\"@id\":\"https:\/\/einfrieren-auftauen.de\/affiliate\/#breadcrumb\",\"itemListElement\":[{\"@type\":\"ListItem\",\"position\":1,\"name\":\"Home\",\"item\":\"https:\/\/einfrieren-auftauen.de\/\"},{\"@type\":\"ListItem\",\"position\":2,\"name\":\"Affiliate\"}]},{\"@type\":\"WebSite\",\"@id\":\"https:\/\/einfrieren-auftauen.de\/#website\",\"url\":\"https:\/\/einfrieren-auftauen.de\/\",\"name\":\"einfrieren-auftauen.de\",\"description\":\"\",\"potentialAction\":[{\"@type\":\"SearchAction\",\"target\":{\"@type\":\"EntryPoint\",\"urlTemplate\":\"https:\/\/einfrieren-auftauen.de\/?s={search_term_string}\"},\"query-input\":{\"@type\":\"PropertyValueSpecification\",\"valueRequired\":true,\"valueName\":\"search_term_string\"}}],\"inLanguage\":\"en-US\"}]}<\/script>\n<!-- \/ Yoast SEO plugin. -->","yoast_head_json":{"title":"Affiliate - einfrieren-auftauen.de","robots":{"index":"index","follow":"follow","max-snippet":"max-snippet:-1","max-image-preview":"max-image-preview:large","max-video-preview":"max-video-preview:-1"},"canonical":"https:\/\/einfrieren-auftauen.de\/affiliate\/","og_locale":"de_DE","og_type":"article","og_title":"Affiliate - einfrieren-auftauen.de","og_description":"Auf unserer Website einfrieren-auftauen.de finden Sie auf zahlreichen Seiten Werbung in Form von Affiliate-Links und Werbeanzeigen.","og_url":"https:\/\/einfrieren-auftauen.de\/affiliate\/","og_site_name":"einfrieren-auftauen.de","twitter_card":"summary_large_image","twitter_misc":{"Est. reading time":"1 minute"},"schema":{"@context":"https:\/\/schema.org","@graph":[{"@type":"WebPage","@id":"https:\/\/einfrieren-auftauen.de\/affiliate\/","url":"https:\/\/einfrieren-auftauen.de\/affiliate\/","name":"Affiliate - einfrieren-auftauen.de","isPartOf":{"@id":"https:\/\/einfrieren-auftauen.de\/#website"},"datePublished":"2023-01-14T00:04:18+00:00","breadcrumb":{"@id":"https:\/\/einfrieren-auftauen.de\/affiliate\/#breadcrumb"},"inLanguage":"en-US","potentialAction":[{"@type":"ReadAction","target":["https:\/\/einfrieren-auftauen.de\/affiliate\/"]}]},{"@type":"BreadcrumbList","@id":"https:\/\/einfrieren-auftauen.de\/affiliate\/#breadcrumb","itemListElement":[{"@type":"ListItem","position":1,"name":"Home","item":"https:\/\/einfrieren-auftauen.de\/"},{"@type":"ListItem","position":2,"name":"Affiliate"}]},{"@type":"WebSite","@id":"https:\/\/einfrieren-auftauen.de\/#website","url":"https:\/\/einfrieren-auftauen.de\/","name":"einfrieren-auftauen.de","description":"","potentialAction":[{"@type":"SearchAction","target":{"@type":"EntryPoint","urlTemplate":"https:\/\/einfrieren-auftauen.de\/?s={search_term_string}"},"query-input":{"@type":"PropertyValueSpecification","valueRequired":true,"valueName":"search_term_string"}}],"inLanguage":"en-US"}]}},"translations":{"en":"https:\/\/einfrieren-auftauen.de\/en\/affiliate\/","fr":"https:\/\/einfrieren-auftauen.de\/fr\/affili%c3%a9\/","de":"https:\/\/einfrieren-auftauen.de\/affiliate\/"},"_links":{"self":[{"href":"https:\/\/einfrieren-auftauen.de\/wp-json\/wp\/v2\/pages\/626","targetHints":{"allow":["GET"]}}],"collection":[{"href":"https:\/\/einfrieren-auftauen.de\/wp-json\/wp\/v2\/pages"}],"about":[{"href":"https:\/\/einfrieren-auftauen.de\/wp-json\/wp\/v2\/types\/page"}],"author":[{"embeddable":true,"href":"https:\/\/einfrieren-auftauen.de\/wp-json\/wp\/v2\/users\/1"}],"replies":[{"embeddable":true,"href":"https:\/\/einfrieren-auftauen.de\/wp-json\/wp\/v2\/comments?post=626"}],"version-history":[{"count":1,"href":"https:\/\/einfrieren-auftauen.de\/wp-json\/wp\/v2\/pages\/626\/revisions"}],"predecessor-version":[{"id":627,"href":"https:\/\/einfrieren-auftauen.de\/wp-json\/wp\/v2\/pages\/626\/revisions\/627"}],"wp:attachment":[{"href":"https:\/\/einfrieren-auftauen.de\/wp-json\/wp\/v2\/media?parent=626"}],"curies":[{"name":"wp","href":"https:\/\/api.w.org\/{rel}","templated":true}]}}